{"id":45,"date":"2019-11-13T15:20:09","date_gmt":"2019-11-13T15:20:09","guid":{"rendered":"https:\/\/www.villaggiosangiovanni.it\/?page_id=45"},"modified":"2021-02-17T16:17:26","modified_gmt":"2021-02-17T16:17:26","slug":"storia","status":"publish","type":"page","link":"https:\/\/www.villaggiosangiovanni.it\/en\/storia\/","title":{"rendered":"Our Story"},"content":{"rendered":"<div id=\"fws_69e13d71131cc\"  data-column-margin=\"default\" data-midnight=\"dark\"  data-bg-mobile-hidden=\"\" class=\"wpb_row vc_row-fluid vc_row full-width-section standard_section\"  style=\"\"><div class=\"full-page-inner-wrap-outer\"><div class=\"full-page-inner-wrap\" data-name=\"\" data-content-pos=\"middle\"><div class=\"full-page-inner\"><div class=\"row-bg-wrap\" data-bg-animation=\"none\" data-bg-overlay=\"false\"><div class=\"inner-wrap using-image\"><div class=\"row-bg using-image\"  style=\"background-image: url(https:\/\/www.villaggiosangiovanni.it\/wp-content\/uploads\/2019\/11\/home-quad-4-4.jpg); background-position: center center; background-repeat: no-repeat; \"><\/div><\/div><div class=\"row-bg-overlay\" ><\/div><\/div><div class=\"container\"><div class=\"col span_12 dark center\">\n\t<div  class=\"vc_col-sm-3 wpb_column column_container vc_column_container col no-extra-padding\"  data-t-w-inherits=\"default\" data-border-radius=\"none\" data-shadow=\"none\" data-border-animation=\"\" data-border-animation-delay=\"\" data-border-width=\"none\" data-border-style=\"solid\" data-border-color=\"\" data-bg-cover=\"\" data-padding-pos=\"all\" data-has-bg-color=\"false\" data-bg-color=\"\" data-bg-opacity=\"1\" data-hover-bg=\"\" data-hover-bg-opacity=\"1\" data-animation=\"\" data-delay=\"0\" >\n\t\t<div class=\"vc_column-inner\" ><div class=\"column-bg-overlay-wrap\" data-bg-animation=\"none\"><div class=\"column-bg-overlay\"><\/div><\/div>\n\t\t\t<div class=\"wpb_wrapper\">\n\t\t\t\t\n\t\t\t<\/div> \n\t\t<\/div>\n\t<\/div> \n\n\t<div style=\"\" class=\"vc_col-sm-6 wpb_column column_container vc_column_container col centered-text padding-5-percent\" data-using-bg=\"true\" data-t-w-inherits=\"default\" data-border-radius=\"none\" data-shadow=\"none\" data-border-animation=\"\" data-border-animation-delay=\"\" data-border-width=\"none\" data-border-style=\"solid\" data-border-color=\"\" data-bg-cover=\"\" data-padding-pos=\"all\" data-has-bg-color=\"true\" data-bg-color=\"#7c4e02\" data-bg-opacity=\"0.8\" data-hover-bg=\"\" data-hover-bg-opacity=\"1\" data-animation=\"\" data-delay=\"0\" >\n\t\t<div class=\"vc_column-inner\" ><div class=\"column-bg-overlay-wrap\" data-bg-animation=\"none\"><div class=\"column-bg-overlay\" style=\"opacity: 0.8; background-color: #7c4e02;\"><\/div><\/div>\n\t\t\t<div class=\"wpb_wrapper\">\n\t\t\t\t<h2 style=\"color: #ffffff;text-align: center\" class=\"vc_custom_heading wpb_animate_when_almost_visible wpb_fadeIn fadeIn\" >Our Story<\/h2>\n\t\t\t<\/div> \n\t\t<\/div>\n\t<\/div> \n\n\t<div  class=\"vc_col-sm-3 wpb_column column_container vc_column_container col no-extra-padding\"  data-t-w-inherits=\"default\" data-border-radius=\"none\" data-shadow=\"none\" data-border-animation=\"\" data-border-animation-delay=\"\" data-border-width=\"none\" data-border-style=\"solid\" data-border-color=\"\" data-bg-cover=\"\" data-padding-pos=\"all\" data-has-bg-color=\"false\" data-bg-color=\"\" data-bg-opacity=\"1\" data-hover-bg=\"\" data-hover-bg-opacity=\"1\" data-animation=\"\" data-delay=\"0\" >\n\t\t<div class=\"vc_column-inner\" ><div class=\"column-bg-overlay-wrap\" data-bg-animation=\"none\"><div class=\"column-bg-overlay\"><\/div><\/div>\n\t\t\t<div class=\"wpb_wrapper\">\n\t\t\t\t\n\t\t\t<\/div> \n\t\t<\/div>\n\t<\/div> \n<\/div><\/div><\/div><\/div><\/div><\/div><!--inner-wrap-->\n\t\t<div id=\"fws_69e13d7114d44\"  data-column-margin=\"default\" data-midnight=\"dark\"  data-bg-mobile-hidden=\"\" class=\"wpb_row vc_row-fluid vc_row full-width-section standard_section\"  style=\"\"><div class=\"full-page-inner-wrap-outer\"><div class=\"full-page-inner-wrap\" data-name=\"\" data-content-pos=\"middle\"><div class=\"full-page-inner\"><div class=\"row-bg-wrap\" data-bg-animation=\"none\" data-bg-overlay=\"false\"><div class=\"inner-wrap using-image\"><div class=\"row-bg using-image\"  style=\"background-image: url(https:\/\/www.villaggiosangiovanni.it\/wp-content\/uploads\/2020\/08\/2.jpg); background-position: left top; background-repeat: no-repeat; \"><\/div><\/div><div class=\"row-bg-overlay\" ><\/div><\/div><div class=\"container\"><div class=\"col span_12 dark left\">\n\t<div style=\" color: #ffffff;\" class=\"vc_col-sm-6 wpb_column column_container vc_column_container col padding-5-percent\" data-using-bg=\"true\" data-t-w-inherits=\"default\" data-border-radius=\"none\" data-shadow=\"none\" data-border-animation=\"\" data-border-animation-delay=\"\" data-border-width=\"none\" data-border-style=\"solid\" data-border-color=\"\" data-bg-cover=\"\" data-padding-pos=\"all\" data-has-bg-color=\"true\" data-bg-color=\"#7c4e02\" data-bg-opacity=\"0.8\" data-hover-bg=\"\" data-hover-bg-opacity=\"1\" data-animation=\"\" data-delay=\"0\" >\n\t\t<div class=\"vc_column-inner\" ><div class=\"column-bg-overlay-wrap\" data-bg-animation=\"none\"><div class=\"column-bg-overlay\" style=\"opacity: 0.8; background-color: #7c4e02;\"><\/div><\/div>\n\t\t\t<div class=\"wpb_wrapper\">\n\t\t\t\t\n<div class=\"wpb_text_column wpb_content_element\" >\n\t<div class=\"wpb_wrapper\">\n\t\t<p>Immerso in uno splendido paesaggio a contatto con la calda natura pugliese, sorge il Villaggio San Giovanni. La struttura \u00e8 costituita da una antica masseria fortificata del 1300, sapientemente restaurata, appartenuta ai duchi di Spagna D\u2019Ayala Valva, grandi proprietari terrieri.<\/p>\n<p>Oggi il Villaggio San Giovanni \u00e8 di propriet\u00e0 della famiglia Venneri che con gusto e sobriet\u00e0 l\u2019ha ristrutturata, mantenendo comunque inalterata l\u2019atmosfera tipica delle masserie pugliesi dove laboriosamente i nostri nonni contadini svolgevano le loro attivit\u00e0.<\/p>\n\t<\/div>\n<\/div>\n\n\n\n\n\t\t\t<\/div> \n\t\t<\/div>\n\t<\/div> \n\n\t<div  class=\"vc_col-sm-6 wpb_column column_container vc_column_container col no-extra-padding\"  data-t-w-inherits=\"default\" data-border-radius=\"none\" data-shadow=\"none\" data-border-animation=\"\" data-border-animation-delay=\"\" data-border-width=\"none\" data-border-style=\"solid\" data-border-color=\"\" data-bg-cover=\"\" data-padding-pos=\"all\" data-has-bg-color=\"false\" data-bg-color=\"\" data-bg-opacity=\"1\" data-hover-bg=\"\" data-hover-bg-opacity=\"1\" data-animation=\"\" data-delay=\"0\" >\n\t\t<div class=\"vc_column-inner\" ><div class=\"column-bg-overlay-wrap\" data-bg-animation=\"none\"><div class=\"column-bg-overlay\"><\/div><\/div>\n\t\t\t<div class=\"wpb_wrapper\">\n\t\t\t\t\n\t\t\t<\/div> \n\t\t<\/div>\n\t<\/div> \n<\/div><\/div><\/div><\/div><\/div><\/div><!--inner-wrap-->\n\t\t<div id=\"fws_69e13d71159f9\"  data-column-margin=\"default\" data-midnight=\"dark\"  data-bg-mobile-hidden=\"\" class=\"wpb_row vc_row-fluid vc_row full-width-section standard_section\"  style=\"\"><div class=\"full-page-inner-wrap-outer\"><div class=\"full-page-inner-wrap\" data-name=\"\" data-content-pos=\"middle\"><div class=\"full-page-inner\"><div class=\"row-bg-wrap\" data-bg-animation=\"none\" data-bg-overlay=\"false\"><div class=\"inner-wrap using-image\"><div class=\"row-bg using-image\"  style=\"background-image: url(https:\/\/www.villaggiosangiovanni.it\/wp-content\/uploads\/2019\/11\/sala-parco-duca-01.jpg); background-position: left top; background-repeat: no-repeat; \"><\/div><\/div><div class=\"row-bg-overlay\" ><\/div><\/div><div class=\"container\"><div class=\"col span_12 dark left\">\n\t<div  class=\"vc_col-sm-6 wpb_column column_container vc_column_container col no-extra-padding\"  data-t-w-inherits=\"default\" data-border-radius=\"none\" data-shadow=\"none\" data-border-animation=\"\" data-border-animation-delay=\"\" data-border-width=\"none\" data-border-style=\"solid\" data-border-color=\"\" data-bg-cover=\"\" data-padding-pos=\"all\" data-has-bg-color=\"false\" data-bg-color=\"\" data-bg-opacity=\"1\" data-hover-bg=\"\" data-hover-bg-opacity=\"1\" data-animation=\"\" data-delay=\"0\" >\n\t\t<div class=\"vc_column-inner\" ><div class=\"column-bg-overlay-wrap\" data-bg-animation=\"none\"><div class=\"column-bg-overlay\"><\/div><\/div>\n\t\t\t<div class=\"wpb_wrapper\">\n\t\t\t\t\n\t\t\t<\/div> \n\t\t<\/div>\n\t<\/div> \n\n\t<div style=\" color: #ffffff;\" class=\"vc_col-sm-6 wpb_column column_container vc_column_container col padding-5-percent\" data-using-bg=\"true\" data-t-w-inherits=\"default\" data-border-radius=\"none\" data-shadow=\"none\" data-border-animation=\"\" data-border-animation-delay=\"\" data-border-width=\"none\" data-border-style=\"solid\" data-border-color=\"\" data-bg-cover=\"\" data-padding-pos=\"all\" data-has-bg-color=\"true\" data-bg-color=\"#4b2214\" data-bg-opacity=\"0.7\" data-hover-bg=\"\" data-hover-bg-opacity=\"1\" data-animation=\"\" data-delay=\"0\" >\n\t\t<div class=\"vc_column-inner\" ><div class=\"column-bg-overlay-wrap\" data-bg-animation=\"none\"><div class=\"column-bg-overlay\" style=\"opacity: 0.7; background-color: #4b2214;\"><\/div><\/div>\n\t\t\t<div class=\"wpb_wrapper\">\n\t\t\t\t\n<div class=\"wpb_text_column wpb_content_element\" >\n\t<div class=\"wpb_wrapper\">\n\t\t<p>Negli ambienti di questa struttura potrete organizzare un indimenticabile ricevimento con la garanzia di emozioni e sentimenti che vivranno a lungo nei vostri cuori. Avrete la possibilit\u00e0 di immergervi tra le bellezze e i profumi di questa meravigliosa terra di Puglia.<\/p>\n<p>Location d\u2019eccezione per ricevimenti nuziali, feste private ed eventi di vario genere.<\/p>\n<p>Il Villaggio San Giovanni si articola in otto differenti locations, affinch\u00e9 possiate, in base alle Vostre esigenze, celebrare i Vostri momenti pi\u00f9 belli nella tranquillit\u00e0 pi\u00f9 assoluta.<\/p>\n\t<\/div>\n<\/div>\n\n\n\n\n\t\t\t<\/div> \n\t\t<\/div>\n\t<\/div> \n<\/div><\/div><\/div><\/div><\/div><\/div><!--inner-wrap-->\n\t\t<div id=\"fws_69e13d71163e1\"  data-column-margin=\"default\" data-midnight=\"dark\"  data-bg-mobile-hidden=\"\" class=\"wpb_row vc_row-fluid vc_row full-width-section standard_section\"  style=\"\"><div class=\"full-page-inner-wrap-outer\"><div class=\"full-page-inner-wrap\" data-name=\"\" data-content-pos=\"middle\"><div class=\"full-page-inner\"><div class=\"row-bg-wrap\" data-bg-animation=\"none\" data-bg-overlay=\"false\"><div class=\"inner-wrap using-image\"><div class=\"row-bg using-image\"  style=\"background-image: url(https:\/\/www.villaggiosangiovanni.it\/wp-content\/uploads\/2020\/09\/1.jpg); background-position: left top; background-repeat: no-repeat; \"><\/div><\/div><div class=\"row-bg-overlay\" ><\/div><\/div><div class=\"container\"><div class=\"col span_12 dark left\">\n\t<div style=\" color: #ffffff;\" class=\"vc_col-sm-6 wpb_column column_container vc_column_container col padding-5-percent\" data-using-bg=\"true\" data-t-w-inherits=\"default\" data-border-radius=\"none\" data-shadow=\"none\" data-border-animation=\"\" data-border-animation-delay=\"\" data-border-width=\"none\" data-border-style=\"solid\" data-border-color=\"\" data-bg-cover=\"\" data-padding-pos=\"all\" data-has-bg-color=\"true\" data-bg-color=\"#7c4e02\" data-bg-opacity=\"0.8\" data-hover-bg=\"\" data-hover-bg-opacity=\"1\" data-animation=\"\" data-delay=\"0\" >\n\t\t<div class=\"vc_column-inner\" ><div class=\"column-bg-overlay-wrap\" data-bg-animation=\"none\"><div class=\"column-bg-overlay\" style=\"opacity: 0.8; background-color: #7c4e02;\"><\/div><\/div>\n\t\t\t<div class=\"wpb_wrapper\">\n\t\t\t\t\n<div class=\"wpb_text_column wpb_content_element\" >\n\t<div class=\"wpb_wrapper\">\n\t\t<p>Sovrastate dai caratteristici soffitti a volta e finemente decorate da tessuti e tendaggi realizzati dal prezioso artigianato locale, le nostre sale si prestano egregiamente ad accogliere il vostro evento donandogli il giusto tocco di esclusivit\u00e0. Le sale per ricevimenti nuziali dispongono di ambienti esterni e adorabili location per i buffet, il tutto avvolto dalla giusta atmosfera musicale.<\/p>\n<p>The property features a spacious parking area, nestled within a lush 20-hectare olive grove, offering a serene and picturesque setting.<\/p>\n\t<\/div>\n<\/div>\n\n\n\n\n\t\t\t<\/div> \n\t\t<\/div>\n\t<\/div> \n\n\t<div  class=\"vc_col-sm-6 wpb_column column_container vc_column_container col no-extra-padding\"  data-t-w-inherits=\"default\" data-border-radius=\"none\" data-shadow=\"none\" data-border-animation=\"\" data-border-animation-delay=\"\" data-border-width=\"none\" data-border-style=\"solid\" data-border-color=\"\" data-bg-cover=\"\" data-padding-pos=\"all\" data-has-bg-color=\"false\" data-bg-color=\"\" data-bg-opacity=\"1\" data-hover-bg=\"\" data-hover-bg-opacity=\"1\" data-animation=\"\" data-delay=\"0\" >\n\t\t<div class=\"vc_column-inner\" ><div class=\"column-bg-overlay-wrap\" data-bg-animation=\"none\"><div class=\"column-bg-overlay\"><\/div><\/div>\n\t\t\t<div class=\"wpb_wrapper\">\n\t\t\t\t\n\t\t\t<\/div> \n\t\t<\/div>\n\t<\/div> \n<\/div><\/div><\/div><\/div><\/div><\/div><!--inner-wrap-->","protected":false},"excerpt":{"rendered":"La nostra storia Immerso in uno splendido paesaggio a contatto con la calda natura pugliese, sorge il Villaggio San Giovanni. La struttura \u00e8 costituita da una antica masseria fortificata del...","protected":false},"author":1,"featured_media":0,"parent":0,"menu_order":0,"comment_status":"closed","ping_status":"closed","template":"","meta":{"footnotes":""},"class_list":["post-45","page","type-page","status-publish"],"yoast_head":"<!-- This site is optimized with the Yoast SEO plugin v24.6 - https:\/\/yoast.com\/wordpress\/plugins\/seo\/ -->\n<title>Villaggio San Giovanni - La nostra storia<\/title>\n<meta name=\"description\" content=\"Un&#039;antica masseria pugliese, un luogo incantato da vivere. Scopri le origini di Villaggio San Giovanni, scopri la nostra storia.\" \/>\n<meta name=\"robots\" content=\"index, follow, max-snippet:-1, max-image-preview:large, max-video-preview:-1\" \/>\n<link rel=\"canonical\" href=\"https:\/\/www.villaggiosangiovanni.it\/en\/storia\/\" \/>\n<meta property=\"og:locale\" content=\"en_GB\" \/>\n<meta property=\"og:type\" content=\"article\" \/>\n<meta property=\"og:title\" content=\"Villaggio San Giovanni - La nostra storia\" \/>\n<meta property=\"og:description\" content=\"Un&#039;antica masseria pugliese, un luogo incantato da vivere. Scopri le origini di Villaggio San Giovanni, scopri la nostra storia.\" \/>\n<meta property=\"og:url\" content=\"https:\/\/www.villaggiosangiovanni.it\/en\/storia\/\" \/>\n<meta property=\"og:site_name\" content=\"Villaggio San Giovanni\" \/>\n<meta property=\"article:publisher\" content=\"https:\/\/www.facebook.com\/villaggiosangiovanni.it\" \/>\n<meta property=\"article:modified_time\" content=\"2021-02-17T16:17:26+00:00\" \/>\n<meta name=\"twitter:card\" content=\"summary_large_image\" \/>\n<meta name=\"twitter:label1\" content=\"Estimated reading time\" \/>\n\t<meta name=\"twitter:data1\" content=\"5 minutes\" \/>\n<script type=\"application\/ld+json\" class=\"yoast-schema-graph\">{\"@context\":\"https:\/\/schema.org\",\"@graph\":[{\"@type\":\"WebPage\",\"@id\":\"https:\/\/www.villaggiosangiovanni.it\/storia\/\",\"url\":\"https:\/\/www.villaggiosangiovanni.it\/storia\/\",\"name\":\"Villaggio San Giovanni - La nostra storia\",\"isPartOf\":{\"@id\":\"https:\/\/www.villaggiosangiovanni.it\/#website\"},\"datePublished\":\"2019-11-13T15:20:09+00:00\",\"dateModified\":\"2021-02-17T16:17:26+00:00\",\"description\":\"Un'antica masseria pugliese, un luogo incantato da vivere. Scopri le origini di Villaggio San Giovanni, scopri la nostra storia.\",\"breadcrumb\":{\"@id\":\"https:\/\/www.villaggiosangiovanni.it\/storia\/#breadcrumb\"},\"inLanguage\":\"en-GB\",\"potentialAction\":[{\"@type\":\"ReadAction\",\"target\":[\"https:\/\/www.villaggiosangiovanni.it\/storia\/\"]}]},{\"@type\":\"BreadcrumbList\",\"@id\":\"https:\/\/www.villaggiosangiovanni.it\/storia\/#breadcrumb\",\"itemListElement\":[{\"@type\":\"ListItem\",\"position\":1,\"name\":\"Home\",\"item\":\"https:\/\/www.villaggiosangiovanni.it\/\"},{\"@type\":\"ListItem\",\"position\":2,\"name\":\"Storia\"}]},{\"@type\":\"WebSite\",\"@id\":\"https:\/\/www.villaggiosangiovanni.it\/#website\",\"url\":\"https:\/\/www.villaggiosangiovanni.it\/\",\"name\":\"Villaggio San Giovanni\",\"description\":\"Sala Ricevimenti e Meeting\",\"publisher\":{\"@id\":\"https:\/\/www.villaggiosangiovanni.it\/#organization\"},\"potentialAction\":[{\"@type\":\"SearchAction\",\"target\":{\"@type\":\"EntryPoint\",\"urlTemplate\":\"https:\/\/www.villaggiosangiovanni.it\/?s={search_term_string}\"},\"query-input\":{\"@type\":\"PropertyValueSpecification\",\"valueRequired\":true,\"valueName\":\"search_term_string\"}}],\"inLanguage\":\"en-GB\"},{\"@type\":\"Organization\",\"@id\":\"https:\/\/www.villaggiosangiovanni.it\/#organization\",\"name\":\"Villaggio San Giovanni\",\"url\":\"https:\/\/www.villaggiosangiovanni.it\/\",\"logo\":{\"@type\":\"ImageObject\",\"inLanguage\":\"en-GB\",\"@id\":\"https:\/\/www.villaggiosangiovanni.it\/#\/schema\/logo\/image\/\",\"url\":\"https:\/\/www.villaggiosangiovanni.it\/wp-content\/uploads\/2019\/11\/cropped-logo-web.png\",\"contentUrl\":\"https:\/\/www.villaggiosangiovanni.it\/wp-content\/uploads\/2019\/11\/cropped-logo-web.png\",\"width\":512,\"height\":512,\"caption\":\"Villaggio San Giovanni\"},\"image\":{\"@id\":\"https:\/\/www.villaggiosangiovanni.it\/#\/schema\/logo\/image\/\"},\"sameAs\":[\"https:\/\/www.facebook.com\/villaggiosangiovanni.it\",\"https:\/\/www.instagram.com\/villaggiosangiovanni\/\"]}]}<\/script>\n<!-- \/ Yoast SEO plugin. -->","yoast_head_json":{"title":"Villaggio San Giovanni - La nostra storia","description":"Un'antica masseria pugliese, un luogo incantato da vivere. Scopri le origini di Villaggio San Giovanni, scopri la nostra storia.","robots":{"index":"index","follow":"follow","max-snippet":"max-snippet:-1","max-image-preview":"max-image-preview:large","max-video-preview":"max-video-preview:-1"},"canonical":"https:\/\/www.villaggiosangiovanni.it\/en\/storia\/","og_locale":"en_GB","og_type":"article","og_title":"Villaggio San Giovanni - La nostra storia","og_description":"Un'antica masseria pugliese, un luogo incantato da vivere. Scopri le origini di Villaggio San Giovanni, scopri la nostra storia.","og_url":"https:\/\/www.villaggiosangiovanni.it\/en\/storia\/","og_site_name":"Villaggio San Giovanni","article_publisher":"https:\/\/www.facebook.com\/villaggiosangiovanni.it","article_modified_time":"2021-02-17T16:17:26+00:00","twitter_card":"summary_large_image","twitter_misc":{"Estimated reading time":"5 minutes"},"schema":{"@context":"https:\/\/schema.org","@graph":[{"@type":"WebPage","@id":"https:\/\/www.villaggiosangiovanni.it\/storia\/","url":"https:\/\/www.villaggiosangiovanni.it\/storia\/","name":"Villaggio San Giovanni - La nostra storia","isPartOf":{"@id":"https:\/\/www.villaggiosangiovanni.it\/#website"},"datePublished":"2019-11-13T15:20:09+00:00","dateModified":"2021-02-17T16:17:26+00:00","description":"Un'antica masseria pugliese, un luogo incantato da vivere. Scopri le origini di Villaggio San Giovanni, scopri la nostra storia.","breadcrumb":{"@id":"https:\/\/www.villaggiosangiovanni.it\/storia\/#breadcrumb"},"inLanguage":"en-GB","potentialAction":[{"@type":"ReadAction","target":["https:\/\/www.villaggiosangiovanni.it\/storia\/"]}]},{"@type":"BreadcrumbList","@id":"https:\/\/www.villaggiosangiovanni.it\/storia\/#breadcrumb","itemListElement":[{"@type":"ListItem","position":1,"name":"Home","item":"https:\/\/www.villaggiosangiovanni.it\/"},{"@type":"ListItem","position":2,"name":"Storia"}]},{"@type":"WebSite","@id":"https:\/\/www.villaggiosangiovanni.it\/#website","url":"https:\/\/www.villaggiosangiovanni.it\/","name":"Villaggio San Giovanni","description":"Sala Ricevimenti e Meeting","publisher":{"@id":"https:\/\/www.villaggiosangiovanni.it\/#organization"},"potentialAction":[{"@type":"SearchAction","target":{"@type":"EntryPoint","urlTemplate":"https:\/\/www.villaggiosangiovanni.it\/?s={search_term_string}"},"query-input":{"@type":"PropertyValueSpecification","valueRequired":true,"valueName":"search_term_string"}}],"inLanguage":"en-GB"},{"@type":"Organization","@id":"https:\/\/www.villaggiosangiovanni.it\/#organization","name":"Villaggio San Giovanni","url":"https:\/\/www.villaggiosangiovanni.it\/","logo":{"@type":"ImageObject","inLanguage":"en-GB","@id":"https:\/\/www.villaggiosangiovanni.it\/#\/schema\/logo\/image\/","url":"https:\/\/www.villaggiosangiovanni.it\/wp-content\/uploads\/2019\/11\/cropped-logo-web.png","contentUrl":"https:\/\/www.villaggiosangiovanni.it\/wp-content\/uploads\/2019\/11\/cropped-logo-web.png","width":512,"height":512,"caption":"Villaggio San Giovanni"},"image":{"@id":"https:\/\/www.villaggiosangiovanni.it\/#\/schema\/logo\/image\/"},"sameAs":["https:\/\/www.facebook.com\/villaggiosangiovanni.it","https:\/\/www.instagram.com\/villaggiosangiovanni\/"]}]}},"_links":{"self":[{"href":"https:\/\/www.villaggiosangiovanni.it\/en\/wp-json\/wp\/v2\/pages\/45","targetHints":{"allow":["GET"]}}],"collection":[{"href":"https:\/\/www.villaggiosangiovanni.it\/en\/wp-json\/wp\/v2\/pages"}],"about":[{"href":"https:\/\/www.villaggiosangiovanni.it\/en\/wp-json\/wp\/v2\/types\/page"}],"author":[{"embeddable":true,"href":"https:\/\/www.villaggiosangiovanni.it\/en\/wp-json\/wp\/v2\/users\/1"}],"replies":[{"embeddable":true,"href":"https:\/\/www.villaggiosangiovanni.it\/en\/wp-json\/wp\/v2\/comments?post=45"}],"version-history":[{"count":25,"href":"https:\/\/www.villaggiosangiovanni.it\/en\/wp-json\/wp\/v2\/pages\/45\/revisions"}],"predecessor-version":[{"id":143,"href":"https:\/\/www.villaggiosangiovanni.it\/en\/wp-json\/wp\/v2\/pages\/45\/revisions\/143"}],"wp:attachment":[{"href":"https:\/\/www.villaggiosangiovanni.it\/en\/wp-json\/wp\/v2\/media?parent=45"}],"curies":[{"name":"wp","href":"https:\/\/api.w.org\/{rel}","templated":true}]}}