{"id":314,"date":"2020-07-14T11:02:58","date_gmt":"2020-07-14T11:02:58","guid":{"rendered":"https:\/\/www.villaggiosangiovanni.it\/?page_id=314"},"modified":"2021-02-17T16:04:15","modified_gmt":"2021-02-17T16:04:15","slug":"faq","status":"publish","type":"page","link":"https:\/\/www.villaggiosangiovanni.it\/en\/faq\/","title":{"rendered":"FAQ"},"content":{"rendered":"<div id=\"fws_69ea48e7b0183\"  data-column-margin=\"default\" data-midnight=\"dark\"  data-bg-mobile-hidden=\"\" class=\"wpb_row vc_row-fluid vc_row standard_section\"  style=\"padding-top: 0px; padding-bottom: 0px; \"><div class=\"row-bg-wrap\" data-bg-animation=\"none\" data-bg-overlay=\"false\"><div class=\"inner-wrap\"><div class=\"row-bg\"  style=\"\"><\/div><\/div><div class=\"row-bg-overlay\" ><\/div><\/div><div class=\"col span_12 dark left\">\n\t<div  class=\"vc_col-sm-2 wpb_column column_container vc_column_container col no-extra-padding\"  data-t-w-inherits=\"default\" data-border-radius=\"none\" data-shadow=\"none\" data-border-animation=\"\" data-border-animation-delay=\"\" data-border-width=\"none\" data-border-style=\"solid\" data-border-color=\"\" data-bg-cover=\"\" data-padding-pos=\"all\" data-has-bg-color=\"false\" data-bg-color=\"\" data-bg-opacity=\"1\" data-hover-bg=\"\" data-hover-bg-opacity=\"1\" data-animation=\"\" data-delay=\"0\" >\n\t\t<div class=\"vc_column-inner\" ><div class=\"column-bg-overlay-wrap\" data-bg-animation=\"none\"><div class=\"column-bg-overlay\"><\/div><\/div>\n\t\t\t<div class=\"wpb_wrapper\">\n\t\t\t\t\n\t\t\t<\/div> \n\t\t<\/div>\n\t<\/div> \n\n\t<div  class=\"vc_col-sm-8 wpb_column column_container vc_column_container col no-extra-padding\"  data-t-w-inherits=\"default\" data-border-radius=\"none\" data-shadow=\"none\" data-border-animation=\"\" data-border-animation-delay=\"\" data-border-width=\"none\" data-border-style=\"solid\" data-border-color=\"\" data-bg-cover=\"\" data-padding-pos=\"all\" data-has-bg-color=\"false\" data-bg-color=\"\" data-bg-opacity=\"1\" data-hover-bg=\"\" data-hover-bg-opacity=\"1\" data-animation=\"\" data-delay=\"0\" >\n\t\t<div class=\"vc_column-inner\" ><div class=\"column-bg-overlay-wrap\" data-bg-animation=\"none\"><div class=\"column-bg-overlay\"><\/div><\/div>\n\t\t\t<div class=\"wpb_wrapper\">\n\t\t\t\t<h2 style=\"text-align: center\" class=\"vc_custom_heading\" >Domande frequenti<\/h2><div class=\"divider-wrap\" data-alignment=\"center\"><div style=\"margin-top: 40px; width: 20%px; height: 1px; margin-bottom: 40px;\" data-width=\"20%\" data-animate=\"yes\" data-animation-delay=\"\" data-color=\"default\" class=\"divider-small-border\"><\/div><\/div><div class=\"toggles\" data-style=\"default\"><div class=\"toggle default\"><h3><a href=\"#\"><i class=\"icon-plus-sign\"><\/i>A che ora \u00e8 possibile fare il check-in?<\/a><\/h3><div>\n<div class=\"wpb_text_column wpb_content_element\" >\n\t<div class=\"wpb_wrapper\">\n\t\t<p>Il check-in \u00e8 possibile dalle ore 15.00. Tuttavia, su richiesta e su disponibilit\u00e0, \u00e8 possibile usufruire dell\u2019early check-in con supplemento di \u20ac 20,00.<\/p>\n\t<\/div>\n<\/div>\n\n\n\n\n<div class=\"wpb_text_column wpb_content_element\" >\n\t<div class=\"wpb_wrapper\">\n\t\t\t<\/div>\n<\/div>\n\n\n\n<\/div><\/div><div class=\"toggle default\"><h3><a href=\"#\"><i class=\"icon-plus-sign\"><\/i>A che ora \u00e8 possibile fare il check-out?<\/a><\/h3><div>\n<div class=\"wpb_text_column wpb_content_element\" >\n\t<div class=\"wpb_wrapper\">\n\t\t<p>Il check-out \u00e8 possibile sino alle ore 10.30. Tuttavia, su richiesta e su disponibilit\u00e0, \u00e8 possibile usufruire di late check-out (fino alle ore 17.00) con supplemento di \u20ac 20,00.<\/p>\n\t<\/div>\n<\/div>\n\n\n\n\n<div class=\"wpb_text_column wpb_content_element\" >\n\t<div class=\"wpb_wrapper\">\n\t\t\t<\/div>\n<\/div>\n\n\n\n<\/div><\/div><div class=\"toggle default\"><h3><a href=\"#\"><i class=\"icon-plus-sign\"><\/i>What happens if I want to cancel a confirmed reservation?<\/a><\/h3><div>\n<div class=\"wpb_text_column wpb_content_element\" >\n\t<div class=\"wpb_wrapper\">\n\t\t<p>CANCELLATION POLICY:<\/p>\n<ul>\n<li>Dai 30 ai 15 giorni prima dell\u2019arrivo 30% di penalit\u00e0<\/li>\n<li>Dai 14 ai 7 giorni prima dell\u2019arrivo 50% di penalit\u00e0<\/li>\n<li>Dai 6 ad 1 giorno prima dell\u2019arrivo 90% di penalit\u00e0<\/li>\n<li>No Show: 100% penalty<\/li>\n<\/ul>\n\t<\/div>\n<\/div>\n\n\n\n<\/div><\/div><div class=\"toggle default\"><h3><a href=\"#\"><i class=\"icon-plus-sign\"><\/i>Are pets allowed in the hotel?<\/a><\/h3><div>\n<div class=\"wpb_text_column wpb_content_element\" >\n\t<div class=\"wpb_wrapper\">\n\t\t<p>In hotel sono ammessi animali domestici di piccola taglia con supplemento di \u20ac 30,00 per pulizia extra.<\/p>\n\t<\/div>\n<\/div>\n\n\n\n<\/div><\/div><div class=\"toggle default\"><h3><a href=\"#\"><i class=\"icon-plus-sign\"><\/i>Quanto dista la struttura dal mare e dalla citt\u00e0?<\/a><\/h3><div>\n<div class=\"wpb_text_column wpb_content_element\" >\n\t<div class=\"wpb_wrapper\">\n\t\t<p>The property is located 10 km from the sea, 2 km from San Giorgio Ionico, and 10 km from the center of Taranto.<\/p>\n\t<\/div>\n<\/div>\n\n\n\n<\/div><\/div><div class=\"toggle default\"><h3><a href=\"#\"><i class=\"icon-plus-sign\"><\/i>Faccio parte di un\u2019azienda. E\u2019 possibile stipulare una convenzione con prezzi agevolati per aziende?<\/a><\/h3><div>\n<div class=\"wpb_text_column wpb_content_element\" >\n\t<div class=\"wpb_wrapper\">\n\t\t<p>S\u00ec, per informazioni riguardanti le convenzioni pu\u00f2 contattare telefonicamente la struttura o rivolgersi alla reception dell\u2019hotel.<\/p>\n\t<\/div>\n<\/div>\n\n\n\n<\/div><\/div><div class=\"toggle default\"><h3><a href=\"#\"><i class=\"icon-plus-sign\"><\/i>Which credit cards do you accept?<\/a><\/h3><div>\n<div class=\"wpb_text_column wpb_content_element\" >\n\t<div class=\"wpb_wrapper\">\n\t\t<p>We accept Visa and MasterCard credit cards.Nexi<\/p>\n\t<\/div>\n<\/div>\n\n\n\n<\/div><\/div><div class=\"toggle default\"><h3><a href=\"#\"><i class=\"icon-plus-sign\"><\/i>Do you offer internet access?<\/a><\/h3><div>\n<div class=\"wpb_text_column wpb_content_element\" >\n\t<div class=\"wpb_wrapper\">\n\t\t<p>La connessione Internet Wi-Fi \u00e8 veloce, affidabile e gratuita. Potete navigare nelle aree comuni o in camera.<\/p>\n\t<\/div>\n<\/div>\n\n\n\n<\/div><\/div><div class=\"toggle default\"><h3><a href=\"#\"><i class=\"icon-plus-sign\"><\/i>Do you have parking?<\/a><\/h3><div>\n<div class=\"wpb_text_column wpb_content_element\" >\n\t<div class=\"wpb_wrapper\">\n\t\t<p>We have a large free parking area for cars and buses.<\/p>\n\t<\/div>\n<\/div>\n\n\n\n<\/div><\/div><div class=\"toggle default\"><h3><a href=\"#\"><i class=\"icon-plus-sign\"><\/i>Do you offer breakfasts, lunches, and dinners for celiacs?<\/a><\/h3><div>\n<div class=\"wpb_text_column wpb_content_element\" >\n\t<div class=\"wpb_wrapper\">\n\t\t<p>S\u00ec, nel nostro hotel e ristorante sono disponibili prodotti senza glutine. Vi invitiamo comunque ad \u00a0avvertirci delle vostre necessit\u00e0 prima del vostro arrivo.<\/p>\n\t<\/div>\n<\/div>\n\n\n\n<\/div><\/div><div class=\"toggle default\"><h3><a href=\"#\"><i class=\"icon-plus-sign\"><\/i>Are cribs available for children? Do they incur an additional fee?<\/a><\/h3><div>\n<div class=\"wpb_text_column wpb_content_element\" >\n\t<div class=\"wpb_wrapper\">\n\t\t<p>Le culle sono disponibili su richiesta con supplemento di \u20ac 10,00 a culla.<\/p>\n\t<\/div>\n<\/div>\n\n\n\n<\/div><\/div><div class=\"toggle default\"><h3><a href=\"#\"><i class=\"icon-plus-sign\"><\/i>Do you have non-smoking rooms?<\/a><\/h3><div>\n<div class=\"wpb_text_column wpb_content_element\" >\n\t<div class=\"wpb_wrapper\">\n\t\t<p>S\u00ec, le nostre camere sono tutte non fumatori. Per chi gradisse fumare, sono disponibili camere con balcone. Per maggiori informazioni non esitate a contattarci.<\/p>\n\t<\/div>\n<\/div>\n\n\n\n<\/div><\/div><\/div>\n\n\n\n\n\n\n\n\n\n\n\n\n\n\n\n\n\n\n\n\n\t\t\t<\/div> \n\t\t<\/div>\n\t<\/div> \n\n\t<div  class=\"vc_col-sm-2 wpb_column column_container vc_column_container col no-extra-padding\"  data-t-w-inherits=\"default\" data-border-radius=\"none\" data-shadow=\"none\" data-border-animation=\"\" data-border-animation-delay=\"\" data-border-width=\"none\" data-border-style=\"solid\" data-border-color=\"\" data-bg-cover=\"\" data-padding-pos=\"all\" data-has-bg-color=\"false\" data-bg-color=\"\" data-bg-opacity=\"1\" data-hover-bg=\"\" data-hover-bg-opacity=\"1\" data-animation=\"\" data-delay=\"0\" >\n\t\t<div class=\"vc_column-inner\" ><div class=\"column-bg-overlay-wrap\" data-bg-animation=\"none\"><div class=\"column-bg-overlay\"><\/div><\/div>\n\t\t\t<div class=\"wpb_wrapper\">\n\t\t\t\t\n\t\t\t<\/div> \n\t\t<\/div>\n\t<\/div> \n<\/div><\/div>","protected":false},"excerpt":{"rendered":"Domande frequentiA che ora \u00e8 possibile fare il check-in? Il check-in \u00e8 possibile dalle ore 15.00. Tuttavia, su richiesta e su disponibilit\u00e0, \u00e8 possibile usufruire dell\u2019early check-in con supplemento di...","protected":false},"author":1,"featured_media":0,"parent":0,"menu_order":0,"comment_status":"closed","ping_status":"closed","template":"","meta":{"footnotes":""},"class_list":["post-314","page","type-page","status-publish"],"yoast_head":"<!-- This site is optimized with the Yoast SEO plugin v24.6 - https:\/\/yoast.com\/wordpress\/plugins\/seo\/ -->\n<title>FAQ - Domande frequenti Hotel Villaggio San Giovanni<\/title>\n<meta name=\"description\" content=\"Tutte le domande frequenti su Hotel a San Giorgio Ionico: FAQ Hotel Villaggio San Giovanni. Scopri di pi\u00f9!\" \/>\n<meta name=\"robots\" content=\"index, follow, max-snippet:-1, max-image-preview:large, max-video-preview:-1\" \/>\n<link rel=\"canonical\" href=\"https:\/\/www.villaggiosangiovanni.it\/en\/faq\/\" \/>\n<meta property=\"og:locale\" content=\"en_GB\" \/>\n<meta property=\"og:type\" content=\"article\" \/>\n<meta property=\"og:title\" content=\"FAQ - Domande frequenti Hotel Villaggio San Giovanni\" \/>\n<meta property=\"og:description\" content=\"Tutte le domande frequenti su Hotel a San Giorgio Ionico: FAQ Hotel Villaggio San Giovanni. Scopri di pi\u00f9!\" \/>\n<meta property=\"og:url\" content=\"https:\/\/www.villaggiosangiovanni.it\/en\/faq\/\" \/>\n<meta property=\"og:site_name\" content=\"Villaggio San Giovanni\" \/>\n<meta property=\"article:publisher\" content=\"https:\/\/www.facebook.com\/villaggiosangiovanni.it\" \/>\n<meta property=\"article:modified_time\" content=\"2021-02-17T16:04:15+00:00\" \/>\n<meta name=\"twitter:card\" content=\"summary_large_image\" \/>\n<meta name=\"twitter:label1\" content=\"Estimated reading time\" \/>\n\t<meta name=\"twitter:data1\" content=\"3 minutes\" \/>\n<script type=\"application\/ld+json\" class=\"yoast-schema-graph\">{\"@context\":\"https:\/\/schema.org\",\"@graph\":[{\"@type\":\"WebPage\",\"@id\":\"https:\/\/www.villaggiosangiovanni.it\/faq\/\",\"url\":\"https:\/\/www.villaggiosangiovanni.it\/faq\/\",\"name\":\"FAQ - Domande frequenti Hotel Villaggio San Giovanni\",\"isPartOf\":{\"@id\":\"https:\/\/www.villaggiosangiovanni.it\/#website\"},\"datePublished\":\"2020-07-14T11:02:58+00:00\",\"dateModified\":\"2021-02-17T16:04:15+00:00\",\"description\":\"Tutte le domande frequenti su Hotel a San Giorgio Ionico: FAQ Hotel Villaggio San Giovanni. Scopri di pi\u00f9!\",\"breadcrumb\":{\"@id\":\"https:\/\/www.villaggiosangiovanni.it\/faq\/#breadcrumb\"},\"inLanguage\":\"en-GB\",\"potentialAction\":[{\"@type\":\"ReadAction\",\"target\":[\"https:\/\/www.villaggiosangiovanni.it\/faq\/\"]}]},{\"@type\":\"BreadcrumbList\",\"@id\":\"https:\/\/www.villaggiosangiovanni.it\/faq\/#breadcrumb\",\"itemListElement\":[{\"@type\":\"ListItem\",\"position\":1,\"name\":\"Home\",\"item\":\"https:\/\/www.villaggiosangiovanni.it\/\"},{\"@type\":\"ListItem\",\"position\":2,\"name\":\"FAQ\"}]},{\"@type\":\"WebSite\",\"@id\":\"https:\/\/www.villaggiosangiovanni.it\/#website\",\"url\":\"https:\/\/www.villaggiosangiovanni.it\/\",\"name\":\"Villaggio San Giovanni\",\"description\":\"Sala Ricevimenti e Meeting\",\"publisher\":{\"@id\":\"https:\/\/www.villaggiosangiovanni.it\/#organization\"},\"potentialAction\":[{\"@type\":\"SearchAction\",\"target\":{\"@type\":\"EntryPoint\",\"urlTemplate\":\"https:\/\/www.villaggiosangiovanni.it\/?s={search_term_string}\"},\"query-input\":{\"@type\":\"PropertyValueSpecification\",\"valueRequired\":true,\"valueName\":\"search_term_string\"}}],\"inLanguage\":\"en-GB\"},{\"@type\":\"Organization\",\"@id\":\"https:\/\/www.villaggiosangiovanni.it\/#organization\",\"name\":\"Villaggio San Giovanni\",\"url\":\"https:\/\/www.villaggiosangiovanni.it\/\",\"logo\":{\"@type\":\"ImageObject\",\"inLanguage\":\"en-GB\",\"@id\":\"https:\/\/www.villaggiosangiovanni.it\/#\/schema\/logo\/image\/\",\"url\":\"https:\/\/www.villaggiosangiovanni.it\/wp-content\/uploads\/2019\/11\/cropped-logo-web.png\",\"contentUrl\":\"https:\/\/www.villaggiosangiovanni.it\/wp-content\/uploads\/2019\/11\/cropped-logo-web.png\",\"width\":512,\"height\":512,\"caption\":\"Villaggio San Giovanni\"},\"image\":{\"@id\":\"https:\/\/www.villaggiosangiovanni.it\/#\/schema\/logo\/image\/\"},\"sameAs\":[\"https:\/\/www.facebook.com\/villaggiosangiovanni.it\",\"https:\/\/www.instagram.com\/villaggiosangiovanni\/\"]}]}<\/script>\n<!-- \/ Yoast SEO plugin. -->","yoast_head_json":{"title":"FAQ - Domande frequenti Hotel Villaggio San Giovanni","description":"Tutte le domande frequenti su Hotel a San Giorgio Ionico: FAQ Hotel Villaggio San Giovanni. Scopri di pi\u00f9!","robots":{"index":"index","follow":"follow","max-snippet":"max-snippet:-1","max-image-preview":"max-image-preview:large","max-video-preview":"max-video-preview:-1"},"canonical":"https:\/\/www.villaggiosangiovanni.it\/en\/faq\/","og_locale":"en_GB","og_type":"article","og_title":"FAQ - Domande frequenti Hotel Villaggio San Giovanni","og_description":"Tutte le domande frequenti su Hotel a San Giorgio Ionico: FAQ Hotel Villaggio San Giovanni. Scopri di pi\u00f9!","og_url":"https:\/\/www.villaggiosangiovanni.it\/en\/faq\/","og_site_name":"Villaggio San Giovanni","article_publisher":"https:\/\/www.facebook.com\/villaggiosangiovanni.it","article_modified_time":"2021-02-17T16:04:15+00:00","twitter_card":"summary_large_image","twitter_misc":{"Estimated reading time":"3 minutes"},"schema":{"@context":"https:\/\/schema.org","@graph":[{"@type":"WebPage","@id":"https:\/\/www.villaggiosangiovanni.it\/faq\/","url":"https:\/\/www.villaggiosangiovanni.it\/faq\/","name":"FAQ - Domande frequenti Hotel Villaggio San Giovanni","isPartOf":{"@id":"https:\/\/www.villaggiosangiovanni.it\/#website"},"datePublished":"2020-07-14T11:02:58+00:00","dateModified":"2021-02-17T16:04:15+00:00","description":"Tutte le domande frequenti su Hotel a San Giorgio Ionico: FAQ Hotel Villaggio San Giovanni. Scopri di pi\u00f9!","breadcrumb":{"@id":"https:\/\/www.villaggiosangiovanni.it\/faq\/#breadcrumb"},"inLanguage":"en-GB","potentialAction":[{"@type":"ReadAction","target":["https:\/\/www.villaggiosangiovanni.it\/faq\/"]}]},{"@type":"BreadcrumbList","@id":"https:\/\/www.villaggiosangiovanni.it\/faq\/#breadcrumb","itemListElement":[{"@type":"ListItem","position":1,"name":"Home","item":"https:\/\/www.villaggiosangiovanni.it\/"},{"@type":"ListItem","position":2,"name":"FAQ"}]},{"@type":"WebSite","@id":"https:\/\/www.villaggiosangiovanni.it\/#website","url":"https:\/\/www.villaggiosangiovanni.it\/","name":"Villaggio San Giovanni","description":"Sala Ricevimenti e Meeting","publisher":{"@id":"https:\/\/www.villaggiosangiovanni.it\/#organization"},"potentialAction":[{"@type":"SearchAction","target":{"@type":"EntryPoint","urlTemplate":"https:\/\/www.villaggiosangiovanni.it\/?s={search_term_string}"},"query-input":{"@type":"PropertyValueSpecification","valueRequired":true,"valueName":"search_term_string"}}],"inLanguage":"en-GB"},{"@type":"Organization","@id":"https:\/\/www.villaggiosangiovanni.it\/#organization","name":"Villaggio San Giovanni","url":"https:\/\/www.villaggiosangiovanni.it\/","logo":{"@type":"ImageObject","inLanguage":"en-GB","@id":"https:\/\/www.villaggiosangiovanni.it\/#\/schema\/logo\/image\/","url":"https:\/\/www.villaggiosangiovanni.it\/wp-content\/uploads\/2019\/11\/cropped-logo-web.png","contentUrl":"https:\/\/www.villaggiosangiovanni.it\/wp-content\/uploads\/2019\/11\/cropped-logo-web.png","width":512,"height":512,"caption":"Villaggio San Giovanni"},"image":{"@id":"https:\/\/www.villaggiosangiovanni.it\/#\/schema\/logo\/image\/"},"sameAs":["https:\/\/www.facebook.com\/villaggiosangiovanni.it","https:\/\/www.instagram.com\/villaggiosangiovanni\/"]}]}},"_links":{"self":[{"href":"https:\/\/www.villaggiosangiovanni.it\/en\/wp-json\/wp\/v2\/pages\/314","targetHints":{"allow":["GET"]}}],"collection":[{"href":"https:\/\/www.villaggiosangiovanni.it\/en\/wp-json\/wp\/v2\/pages"}],"about":[{"href":"https:\/\/www.villaggiosangiovanni.it\/en\/wp-json\/wp\/v2\/types\/page"}],"author":[{"embeddable":true,"href":"https:\/\/www.villaggiosangiovanni.it\/en\/wp-json\/wp\/v2\/users\/1"}],"replies":[{"embeddable":true,"href":"https:\/\/www.villaggiosangiovanni.it\/en\/wp-json\/wp\/v2\/comments?post=314"}],"version-history":[{"count":10,"href":"https:\/\/www.villaggiosangiovanni.it\/en\/wp-json\/wp\/v2\/pages\/314\/revisions"}],"predecessor-version":[{"id":368,"href":"https:\/\/www.villaggiosangiovanni.it\/en\/wp-json\/wp\/v2\/pages\/314\/revisions\/368"}],"wp:attachment":[{"href":"https:\/\/www.villaggiosangiovanni.it\/en\/wp-json\/wp\/v2\/media?parent=314"}],"curies":[{"name":"wp","href":"https:\/\/api.w.org\/{rel}","templated":true}]}}